{"id":16,"date":"2025-07-18T10:33:58","date_gmt":"2025-07-18T08:33:58","guid":{"rendered":"https:\/\/kontoprosto.pl\/?page_id=16"},"modified":"2025-07-18T10:33:58","modified_gmt":"2025-07-18T08:33:58","slug":"o-mnie","status":"publish","type":"page","link":"https:\/\/kontoprosto.pl\/?page_id=16","title":{"rendered":"O mnie"},"content":{"rendered":"\n<p>Cze\u015b\u0107! Mam na imi\u0119 Justyna i prowadz\u0119 bloga <strong>KontoProsto.pl<\/strong>, gdzie w prosty spos\u00f3b pokazuj\u0119, jak korzysta\u0107 z promocji bankowych i oszcz\u0119dza\u0107 na co dzie\u0144.<\/p>\n\n\n\n<p>Sama zacz\u0119\u0142am interesowa\u0107 si\u0119 tematyk\u0105 kont, premiami za otwarcie rachunku i cashbackami kilka lat temu. Okaza\u0142o si\u0119, \u017ce w Polsce mo\u017cna <strong>legalnie i bezpiecznie zdobywa\u0107 bonusy si\u0119gaj\u0105ce nawet kilkuset z\u0142otych<\/strong>, tylko za to, \u017ce otworzysz konto bankowe i spe\u0142nisz kilka prostych warunk\u00f3w.<\/p>\n\n\n\n<p>Na blogu znajdziesz <strong>sprawdzone oferty, por\u00f3wnania kont i instrukcje krok po kroku<\/strong>, jak zgarn\u0105\u0107 premi\u0119 i nie przep\u0142aca\u0107 za bankowe us\u0142ugi.<\/p>\n\n\n\n<p>\ud83d\udc49 Je\u015bli masz pytania lub chcesz zacz\u0105\u0107 dzia\u0142a\u0107 z afiliacj\u0105 \u2013 <strong>napisz do mnie!<\/strong> Ch\u0119tnie pomog\u0119.<\/p>\n\n\n\n<p>Dzi\u0119kuj\u0119, \u017ce tu jeste\u015b! \ud83d\udc99<\/p>\n\n\n\n<p>\u2014 Justyna<br>KontoProsto.pl<\/p>\n\n\n\n<p><\/p>\n","protected":false},"excerpt":{"rendered":"<p>Cze\u015b\u0107! Mam na imi\u0119 Justyna i prowadz\u0119 bloga KontoProsto.pl, gdzie w prosty spos\u00f3b pokazuj\u0119, jak korzysta\u0107 z promocji bankowych i [&hellip;]<\/p>\n","protected":false},"author":1,"featured_media":0,"parent":0,"menu_order":0,"comment_status":"closed","ping_status":"closed","template":"","meta":{"site-sidebar-layout":"default","site-content-layout":"","ast-site-content-layout":"default","site-content-style":"default","site-sidebar-style":"default","ast-global-header-display":"","ast-banner-title-visibility":"","ast-main-header-display":"","ast-hfb-above-header-display":"","ast-hfb-below-header-display":"","ast-hfb-mobile-header-display":"","site-post-title":"","ast-breadcrumbs-content":"","ast-featured-img":"","footer-sml-layout":"","theme-transparent-header-meta":"","adv-header-id-meta":"","stick-header-meta":"","header-above-stick-meta":"","header-main-stick-meta":"","header-below-stick-meta":"","astra-migrate-meta-layouts":"default","ast-page-background-enabled":"default","ast-page-background-meta":{"desktop":{"background-color":"var(--ast-global-color-5)","background-image":"","background-repeat":"repeat","background-position":"center center","background-size":"auto","background-attachment":"scroll","background-type":"","background-media":"","overlay-type":"","overlay-color":"","overlay-opacity":"","overlay-gradient":""},"tablet":{"background-color":"","background-image":"","background-repeat":"repeat","background-position":"center center","background-size":"auto","background-attachment":"scroll","background-type":"","background-media":"","overlay-type":"","overlay-color":"","overlay-opacity":"","overlay-gradient":""},"mobile":{"background-color":"","background-image":"","background-repeat":"repeat","background-position":"center center","background-size":"auto","background-attachment":"scroll","background-type":"","background-media":"","overlay-type":"","overlay-color":"","overlay-opacity":"","overlay-gradient":""}},"ast-content-background-meta":{"desktop":{"background-color":"var(--ast-global-color-4)","background-image":"","background-repeat":"repeat","background-position":"center center","background-size":"auto","background-attachment":"scroll","background-type":"","background-media":"","overlay-type":"","overlay-color":"","overlay-opacity":"","overlay-gradient":""},"tablet":{"background-color":"var(--ast-global-color-4)","background-image":"","background-repeat":"repeat","background-position":"center center","background-size":"auto","background-attachment":"scroll","background-type":"","background-media":"","overlay-type":"","overlay-color":"","overlay-opacity":"","overlay-gradient":""},"mobile":{"background-color":"var(--ast-global-color-4)","background-image":"","background-repeat":"repeat","background-position":"center center","background-size":"auto","background-attachment":"scroll","background-type":"","background-media":"","overlay-type":"","overlay-color":"","overlay-opacity":"","overlay-gradient":""}},"footnotes":""},"class_list":["post-16","page","type-page","status-publish","hentry"],"_links":{"self":[{"href":"https:\/\/kontoprosto.pl\/index.php?rest_route=\/wp\/v2\/pages\/16","targetHints":{"allow":["GET"]}}],"collection":[{"href":"https:\/\/kontoprosto.pl\/index.php?rest_route=\/wp\/v2\/pages"}],"about":[{"href":"https:\/\/kontoprosto.pl\/index.php?rest_route=\/wp\/v2\/types\/page"}],"author":[{"embeddable":true,"href":"https:\/\/kontoprosto.pl\/index.php?rest_route=\/wp\/v2\/users\/1"}],"replies":[{"embeddable":true,"href":"https:\/\/kontoprosto.pl\/index.php?rest_route=%2Fwp%2Fv2%2Fcomments&post=16"}],"version-history":[{"count":1,"href":"https:\/\/kontoprosto.pl\/index.php?rest_route=\/wp\/v2\/pages\/16\/revisions"}],"predecessor-version":[{"id":17,"href":"https:\/\/kontoprosto.pl\/index.php?rest_route=\/wp\/v2\/pages\/16\/revisions\/17"}],"wp:attachment":[{"href":"https:\/\/kontoprosto.pl\/index.php?rest_route=%2Fwp%2Fv2%2Fmedia&parent=16"}],"curies":[{"name":"wp","href":"https:\/\/api.w.org\/{rel}","templated":true}]}}